{"id":326,"date":"2025-01-18T12:12:01","date_gmt":"2025-01-18T12:12:01","guid":{"rendered":"https:\/\/americandisabilitygroup.org\/?page_id=326"},"modified":"2025-06-30T09:25:50","modified_gmt":"2025-06-30T09:25:50","slug":"social-security-disability-for-veterans","status":"publish","type":"page","link":"https:\/\/americandisabilitygroup.org\/es\/social-security-disability-for-veterans\/","title":{"rendered":"Discapacidad del Seguro Social para veteranos"},"content":{"rendered":"<div data-elementor-type=\"wp-page\" data-elementor-id=\"326\" class=\"elementor elementor-326\">\n\t\t\t\t<div class=\"wd-negative-gap elementor-element elementor-element-34761b8 wd-section-stretch e-flex e-con-boxed e-con e-parent\" data-id=\"34761b8\" data-element_type=\"container\" data-settings=\"{&quot;background_background&quot;:&quot;classic&quot;}\">\n\t\t\t\t\t<div class=\"e-con-inner\">\n\t\t<div class=\"elementor-element elementor-element-57c18a6 e-con-full e-flex e-con e-child\" data-id=\"57c18a6\" data-element_type=\"container\">\n\t\t\t\t<div class=\"elementor-element elementor-element-18ee6cf wd-width-100 elementor-widget elementor-widget-wd_title\" data-id=\"18ee6cf\" data-element_type=\"widget\" data-widget_type=\"wd_title.default\">\n\t\t\t\t<div class=\"elementor-widget-container\">\n\t\t\t\t\t\t\t<div class=\"title-wrapper wd-set-mb reset-last-child wd-title-color-default wd-title-style-default wd-title-size-default text-center\">\n\n\t\t\t\n\t\t\t<div class=\"liner-continer\">\n\t\t\t\t<h1 class=\"woodmart-title-container title wd-fontsize-l\">Social Security Disability Benefits for 100% Disabled Veterans<\/h1> \n\t\t\t\t\t\t\t<\/div>\n\n\t\t\t\t\t<\/div>\n\t\t\t\t\t\t<\/div>\n\t\t\t\t<\/div>\n\t\t\t\t<\/div>\n\t\t\t\t\t<\/div>\n\t\t\t\t<\/div>\n\t\t<div class=\"wd-negative-gap elementor-element elementor-element-2a34300 wd-section-stretch e-flex e-con-boxed e-con e-parent\" data-id=\"2a34300\" data-element_type=\"container\" data-settings=\"{&quot;background_background&quot;:&quot;classic&quot;}\">\n\t\t\t\t\t<div class=\"e-con-inner\">\n\t\t\t\t<div class=\"elementor-element elementor-element-3c89545 wd-width-100 elementor-widget elementor-widget-wd_images_gallery\" data-id=\"3c89545\" data-element_type=\"widget\" data-widget_type=\"wd_images_gallery.default\">\n\t\t\t\t<div class=\"elementor-widget-container\">\n\t\t\t\t\t\t\t<div class=\"wd-images-gallery\" style=\"--wd-align-items:center; --wd-justify-content:center;\">\n\t\t\t\t\t\t<div class=\"wd-grid-g\" style=\"--wd-col-lg:6;--wd-col-md:3;--wd-col-sm:3;--wd-gap-lg:30px;--wd-gap-sm:10px;\" >\n\t\t\t\t\t\t\t\t\t\t\t\t\t\t\t\t\t\t<div class=\"wd-gallery-item wd-col\">\n\t\t\t\t\t\t\n\t\t\t\t\t\t<img decoding=\"async\" src=\"https:\/\/americandisabilitygroup.org\/wp-content\/uploads\/2025\/03\/U.S._Air_Force_service_mark.png\" alt=\"U.S._Air_Force_service_mark\">\n\t\t\t\t\t\t\t\t\t\t\t<\/div>\n\t\t\t\t\t\t\t\t\t\t\t\t\t\t\t<div class=\"wd-gallery-item wd-col\">\n\t\t\t\t\t\t\n\t\t\t\t\t\t<img decoding=\"async\" src=\"https:\/\/americandisabilitygroup.org\/wp-content\/uploads\/2025\/03\/b8-1.png\" alt=\"b8\">\n\t\t\t\t\t\t\t\t\t\t\t<\/div>\n\t\t\t\t\t\t\t\t\t\t\t\t\t\t\t<div class=\"wd-gallery-item wd-col\">\n\t\t\t\t\t\t\n\t\t\t\t\t\t<img decoding=\"async\" src=\"https:\/\/americandisabilitygroup.org\/wp-content\/uploads\/2025\/03\/b9.png\" alt=\"b9\">\n\t\t\t\t\t\t\t\t\t\t\t<\/div>\n\t\t\t\t\t\t\t\t\t\t\t\t\t\t\t<div class=\"wd-gallery-item wd-col\">\n\t\t\t\t\t\t\n\t\t\t\t\t\t<img decoding=\"async\" src=\"https:\/\/americandisabilitygroup.org\/wp-content\/uploads\/2025\/03\/b10.png\" alt=\"b10\">\n\t\t\t\t\t\t\t\t\t\t\t<\/div>\n\t\t\t\t\t\t\t\t\t\t\t\t\t\t\t<div class=\"wd-gallery-item wd-col\">\n\t\t\t\t\t\t\n\t\t\t\t\t\t<img decoding=\"async\" src=\"https:\/\/americandisabilitygroup.org\/wp-content\/uploads\/2025\/03\/b11.png\" alt=\"b11\">\n\t\t\t\t\t\t\t\t\t\t\t<\/div>\n\t\t\t\t\t\t\t\t\t\t\t\t\t\t\t<div class=\"wd-gallery-item wd-col\">\n\t\t\t\t\t\t\n\t\t\t\t\t\t<img decoding=\"async\" src=\"https:\/\/americandisabilitygroup.org\/wp-content\/uploads\/2025\/03\/b12.png\" alt=\"b12\">\n\t\t\t\t\t\t\t\t\t\t\t<\/div>\n\t\t\t\t\t\t\t\t\t\t\t\t\t<\/div>\n\t\t\t\t\t<\/div>\n\t\t\t\t\t\t<\/div>\n\t\t\t\t<\/div>\n\t\t\t\t\t<\/div>\n\t\t\t\t<\/div>\n\t\t<div class=\"wd-negative-gap elementor-element elementor-element-66b7027 e-flex e-con-boxed e-con e-parent\" data-id=\"66b7027\" data-element_type=\"container\">\n\t\t\t\t\t<div class=\"e-con-inner\">\n\t\t<div class=\"elementor-element elementor-element-2900c01 e-con-full e-flex e-con e-child\" data-id=\"2900c01\" data-element_type=\"container\">\n\t\t\t\t<div class=\"elementor-element elementor-element-3ab682e elementor-widget elementor-widget-wd_text_block\" data-id=\"3ab682e\" data-element_type=\"widget\" data-widget_type=\"wd_text_block.default\">\n\t\t\t\t<div class=\"elementor-widget-container\">\n\t\t\t\t\t\t\t<div class=\"wd-text-block reset-last-child text-left\">\n\t\t\t\n\t\t\t<p>At American Disability Group, we recognize the challenges faced by those who served our country. If you are a veteran seeking social security disability benefits for veterans or social security disability for veterans, our dedicated disability justice advocates are here to assist you at every step.<\/p><p>Es importante tener en cuenta que la mayor\u00eda de las solicitudes iniciales de prestaciones por discapacidad del Seguro Social son denegadas. Representantes con experiencia que comprenden las complejas leyes del Seguro Social pueden marcar la diferencia en el resultado de su caso.<\/p><p>Nuestros representantes altamente capacitados realizar\u00e1n una evaluaci\u00f3n gratuita de su caso. American Disability Group obtendr\u00e1 la documentaci\u00f3n necesaria y lo representar\u00e1 en cada etapa del proceso de discapacidad. Dado que muchas personas enfrentan denegaciones tanto en la etapa inicial como en la de reconsideraci\u00f3n, nuestros representantes experimentados est\u00e1n preparados para litigar su reclamo en la audiencia, si es necesario.<\/p>\n\t\t\t\t\t<\/div>\n\t\t\t\t\t\t<\/div>\n\t\t\t\t<\/div>\n\t\t\t\t<\/div>\n\t\t<div class=\"elementor-element elementor-element-822ad52 e-con-full practice-side e-flex e-con e-child\" data-id=\"822ad52\" data-element_type=\"container\">\n\t\t\t\t<div class=\"elementor-element elementor-element-646ac1b elementor-widget elementor-widget-html\" data-id=\"646ac1b\" data-element_type=\"widget\" data-widget_type=\"html.default\">\n\t\t\t\t<div class=\"elementor-widget-container\">\n\t\t\t\t\t\t\t\t<link rel=\"stylesheet\" id=\"elementor-post-291-css\" href=\"https:\/\/americandisabilitygroup.org\/wp-content\/uploads\/elementor\/css\/post-291.css?ver=1776825935\" type=\"text\/css\" media=\"all\">\n\t\t\t\t\t<div data-elementor-type=\"wp-post\" data-elementor-id=\"291\" class=\"elementor elementor-291\">\n\t\t\t\t<div class=\"wd-negative-gap elementor-element elementor-element-ca6a475 e-flex e-con-boxed e-con e-parent\" data-id=\"ca6a475\" data-element_type=\"container\" data-settings=\"{&quot;background_background&quot;:&quot;classic&quot;}\">\n\t\t\t\t\t<div class=\"e-con-inner\">\n\t\t\t\t<div class=\"elementor-element elementor-element-585de7e wd-width-100 elementor-widget elementor-widget-wd_title\" data-id=\"585de7e\" data-element_type=\"widget\" data-widget_type=\"wd_title.default\">\n\t\t\t\t<div class=\"elementor-widget-container\">\n\t\t\t\t\t\t\t<div class=\"title-wrapper wd-set-mb reset-last-child wd-title-color-default wd-title-style-default wd-title-size-default text-center\">\n\n\t\t\t\n\t\t\t<div class=\"liner-continer\">\n\t\t\t\t<h4 class=\"woodmart-title-container title wd-fontsize-l\">Solicite su consulta gratuita<\/h4> \n\t\t\t\t\t\t\t<\/div>\n\n\t\t\t\t\t<\/div>\n\t\t\t\t\t\t<\/div>\n\t\t\t\t<\/div>\n\t\t\t\t<div class=\"elementor-element elementor-element-1d79051 elementor-widget elementor-widget-wd_contact_form_7\" data-id=\"1d79051\" data-element_type=\"widget\" data-widget_type=\"wd_contact_form_7.default\">\n\t\t\t\t<div class=\"elementor-widget-container\">\n\t\t\t\t\t\n<div class=\"wpcf7 no-js\" id=\"wpcf7-f7-o1\" lang=\"en-US\" dir=\"ltr\" data-wpcf7-id=\"7\">\n<div class=\"screen-reader-response\"><p role=\"status\" aria-live=\"polite\" aria-atomic=\"true\"><\/p> <ul><\/ul><\/div>\n<form action=\"\/es\/wp-json\/wp\/v2\/pages\/326#wpcf7-f7-o1\" method=\"post\" class=\"wpcf7-form init\" aria-label=\"Contact form\" novalidate=\"novalidate\" data-status=\"init\" data-trp-original-action=\"\/es\/wp-json\/wp\/v2\/pages\/326#wpcf7-f7-o1\">\n<div style=\"display: none;\">\n<input type=\"hidden\" name=\"_wpcf7\" value=\"7\" \/>\n<input type=\"hidden\" name=\"_wpcf7_version\" value=\"6.0.6\" \/>\n<input type=\"hidden\" name=\"_wpcf7_locale\" value=\"en_US\" \/>\n<input type=\"hidden\" name=\"_wpcf7_unit_tag\" value=\"wpcf7-f7-o1\" \/>\n<input type=\"hidden\" name=\"_wpcf7_container_post\" value=\"0\" \/>\n<input type=\"hidden\" name=\"_wpcf7_posted_data_hash\" value=\"\" \/>\n<\/div>\n<div class=\"row\">\n\t<div class=\"col-md-6\">\n\t\t<p><span class=\"wpcf7-form-control-wrap\" data-name=\"text-704\"><input size=\"40\" maxlength=\"400\" class=\"wpcf7-form-control wpcf7-text\" aria-invalid=\"false\" placeholder=\"Nombre\" value=\"\" type=\"text\" name=\"text-704\" \/><\/span>\n\t\t<\/p>\n\t<\/div>\n\t<div class=\"col-md-6\">\n\t\t<p><span class=\"wpcf7-form-control-wrap\" data-name=\"text-994\"><input size=\"40\" maxlength=\"400\" class=\"wpcf7-form-control wpcf7-text wpcf7-validates-as-required\" aria-required=\"true\" aria-invalid=\"false\" placeholder=\"Tel\u00e9fono\" value=\"\" type=\"text\" name=\"text-994\" \/><\/span>\n\t\t<\/p>\n\t<\/div>\n<\/div>\n<div class=\"row\">\n\t<div class=\"col-md-6\">\n\t\t<p><span class=\"wpcf7-form-control-wrap\" data-name=\"email-203\"><input size=\"40\" maxlength=\"400\" class=\"wpcf7-form-control wpcf7-email wpcf7-text wpcf7-validates-as-email\" aria-invalid=\"false\" placeholder=\"Correo electr\u00f3nico\" value=\"\" type=\"email\" name=\"email-203\" \/><\/span>\n\t\t<\/p>\n\t<\/div>\n\t<div class=\"col-md-6\">\n\t\t<p><span class=\"wpcf7-form-control-wrap\" data-name=\"text-994\"><input size=\"40\" maxlength=\"400\" class=\"wpcf7-form-control wpcf7-text\" aria-invalid=\"false\" placeholder=\"DIRECCI\u00d3N\" value=\"\" type=\"text\" name=\"text-994\" \/><\/span>\n\t\t<\/p>\n\t<\/div>\n<\/div>\n<div class=\"row\">\n\t<div class=\"col-md-12\">\n\t\t<p><span class=\"wpcf7-form-control-wrap\" data-name=\"textarea-701\"><textarea cols=\"40\" rows=\"10\" maxlength=\"2000\" class=\"wpcf7-form-control wpcf7-textarea\" aria-invalid=\"false\" placeholder=\"Cu\u00e9ntanos tu caso\" name=\"textarea-701\"><\/textarea><\/span>\n\t\t<\/p>\n\t<\/div>\n<\/div>\n<div class=\"row sb-btn\">\n\t<div class=\"col-md-12\">\n\t\t<p><input class=\"wpcf7-form-control wpcf7-submit has-spinner\" type=\"submit\" value=\"Entregar\" \/>\n\t\t<\/p>\n\t<\/div>\n<\/div><div class=\"wpcf7-response-output\" aria-hidden=\"true\"><\/div>\n<input type=\"hidden\" name=\"trp-form-language\" value=\"es\"\/><\/form>\n<\/div>\n\t\t\t\t<\/div>\n\t\t\t\t<\/div>\n\t\t\t\t\t<\/div>\n\t\t\t\t<\/div>\n\t\t\t\t<\/div>\n\t\t\t\t\t\t<\/div>\n\t\t\t\t<\/div>\n\t\t\t\t<\/div>\n\t\t\t\t\t<\/div>\n\t\t\t\t<\/div>\n\t\t\t\t<\/div>","protected":false},"excerpt":{"rendered":"<p>Social Security Disability Benefits for 100% Disabled Veterans At American Disability Group, we recognize the challenges faced by those who<\/p>","protected":false},"author":1,"featured_media":0,"parent":0,"menu_order":0,"comment_status":"closed","ping_status":"closed","template":"","meta":{"footnotes":""},"class_list":["post-326","page","type-page","status-publish","hentry"],"yoast_head":"<!-- This site is optimized with the Yoast SEO plugin v25.3 - https:\/\/yoast.com\/wordpress\/plugins\/seo\/ -->\n<title>Disability Advocates for Veterans | SSDI &amp; VA Benefits Help<\/title>\n<meta name=\"description\" content=\"Find out how much Social Security disability veterans receive. Get help with SSDI benefits for 100% disabled veterans from trusted legal advocates.\" \/>\n<meta name=\"robots\" content=\"index, follow, max-snippet:-1, max-image-preview:large, max-video-preview:-1\" \/>\n<link rel=\"canonical\" href=\"https:\/\/americandisabilitygroup.org\/es\/social-security-disability-for-veterans\/\" \/>\n<meta property=\"og:locale\" content=\"es_ES\" \/>\n<meta property=\"og:type\" content=\"article\" \/>\n<meta property=\"og:title\" content=\"Disability Advocates for Veterans | SSDI &amp; VA Benefits Help\" \/>\n<meta property=\"og:description\" content=\"Find out how much Social Security disability veterans receive. Get help with SSDI benefits for 100% disabled veterans from trusted legal advocates.\" \/>\n<meta property=\"og:url\" content=\"https:\/\/americandisabilitygroup.org\/es\/social-security-disability-for-veterans\/\" \/>\n<meta property=\"og:site_name\" content=\"American Disability Group\" \/>\n<meta property=\"article:modified_time\" content=\"2025-06-30T09:25:50+00:00\" \/>\n<meta property=\"og:image\" content=\"https:\/\/americandisabilitygroup.org\/wp-content\/uploads\/2025\/03\/U.S._Air_Force_service_mark.png\" \/>\n<meta name=\"twitter:card\" content=\"summary_large_image\" \/>\n<meta name=\"twitter:label1\" content=\"Tiempo de lectura\" \/>\n\t<meta name=\"twitter:data1\" content=\"2 minutos\" \/>\n<script type=\"application\/ld+json\" class=\"yoast-schema-graph\">{\"@context\":\"https:\/\/schema.org\",\"@graph\":[{\"@type\":\"WebPage\",\"@id\":\"https:\/\/americandisabilitygroup.org\/social-security-disability-for-veterans\/\",\"url\":\"https:\/\/americandisabilitygroup.org\/social-security-disability-for-veterans\/\",\"name\":\"Disability Advocates for Veterans | SSDI & VA Benefits Help\",\"isPartOf\":{\"@id\":\"https:\/\/americandisabilitygroup.org\/#website\"},\"primaryImageOfPage\":{\"@id\":\"https:\/\/americandisabilitygroup.org\/social-security-disability-for-veterans\/#primaryimage\"},\"image\":{\"@id\":\"https:\/\/americandisabilitygroup.org\/social-security-disability-for-veterans\/#primaryimage\"},\"thumbnailUrl\":\"https:\/\/americandisabilitygroup.org\/wp-content\/uploads\/2025\/03\/U.S._Air_Force_service_mark.png\",\"datePublished\":\"2025-01-18T12:12:01+00:00\",\"dateModified\":\"2025-06-30T09:25:50+00:00\",\"description\":\"Find out how much Social Security disability veterans receive. Get help with SSDI benefits for 100% disabled veterans from trusted legal advocates.\",\"breadcrumb\":{\"@id\":\"https:\/\/americandisabilitygroup.org\/social-security-disability-for-veterans\/#breadcrumb\"},\"inLanguage\":\"es\",\"potentialAction\":[{\"@type\":\"ReadAction\",\"target\":[\"https:\/\/americandisabilitygroup.org\/social-security-disability-for-veterans\/\"]}]},{\"@type\":\"ImageObject\",\"inLanguage\":\"es\",\"@id\":\"https:\/\/americandisabilitygroup.org\/social-security-disability-for-veterans\/#primaryimage\",\"url\":\"https:\/\/americandisabilitygroup.org\/wp-content\/uploads\/2025\/03\/U.S._Air_Force_service_mark.png\",\"contentUrl\":\"https:\/\/americandisabilitygroup.org\/wp-content\/uploads\/2025\/03\/U.S._Air_Force_service_mark.png\"},{\"@type\":\"BreadcrumbList\",\"@id\":\"https:\/\/americandisabilitygroup.org\/social-security-disability-for-veterans\/#breadcrumb\",\"itemListElement\":[{\"@type\":\"ListItem\",\"position\":1,\"name\":\"Home\",\"item\":\"https:\/\/americandisabilitygroup.org\/\"},{\"@type\":\"ListItem\",\"position\":2,\"name\":\"Social Security Disability For Veterans\"}]},{\"@type\":\"WebSite\",\"@id\":\"https:\/\/americandisabilitygroup.org\/#website\",\"url\":\"https:\/\/americandisabilitygroup.org\/\",\"name\":\"American Disability Group\",\"description\":\"\",\"potentialAction\":[{\"@type\":\"SearchAction\",\"target\":{\"@type\":\"EntryPoint\",\"urlTemplate\":\"https:\/\/americandisabilitygroup.org\/?s={search_term_string}\"},\"query-input\":{\"@type\":\"PropertyValueSpecification\",\"valueRequired\":true,\"valueName\":\"search_term_string\"}}],\"inLanguage\":\"es\"}]}<\/script>\n<!-- \/ Yoast SEO plugin. -->","yoast_head_json":{"title":"Disability Advocates for Veterans | SSDI & VA Benefits Help","description":"Find out how much Social Security disability veterans receive. Get help with SSDI benefits for 100% disabled veterans from trusted legal advocates.","robots":{"index":"index","follow":"follow","max-snippet":"max-snippet:-1","max-image-preview":"max-image-preview:large","max-video-preview":"max-video-preview:-1"},"canonical":"https:\/\/americandisabilitygroup.org\/es\/social-security-disability-for-veterans\/","og_locale":"es_ES","og_type":"article","og_title":"Disability Advocates for Veterans | SSDI & VA Benefits Help","og_description":"Find out how much Social Security disability veterans receive. Get help with SSDI benefits for 100% disabled veterans from trusted legal advocates.","og_url":"https:\/\/americandisabilitygroup.org\/es\/social-security-disability-for-veterans\/","og_site_name":"American Disability Group","article_modified_time":"2025-06-30T09:25:50+00:00","og_image":[{"url":"https:\/\/americandisabilitygroup.org\/wp-content\/uploads\/2025\/03\/U.S._Air_Force_service_mark.png","type":"","width":"","height":""}],"twitter_card":"summary_large_image","twitter_misc":{"Tiempo de lectura":"2 minutos"},"schema":{"@context":"https:\/\/schema.org","@graph":[{"@type":"WebPage","@id":"https:\/\/americandisabilitygroup.org\/social-security-disability-for-veterans\/","url":"https:\/\/americandisabilitygroup.org\/social-security-disability-for-veterans\/","name":"Disability Advocates for Veterans | SSDI & VA Benefits Help","isPartOf":{"@id":"https:\/\/americandisabilitygroup.org\/#website"},"primaryImageOfPage":{"@id":"https:\/\/americandisabilitygroup.org\/social-security-disability-for-veterans\/#primaryimage"},"image":{"@id":"https:\/\/americandisabilitygroup.org\/social-security-disability-for-veterans\/#primaryimage"},"thumbnailUrl":"https:\/\/americandisabilitygroup.org\/wp-content\/uploads\/2025\/03\/U.S._Air_Force_service_mark.png","datePublished":"2025-01-18T12:12:01+00:00","dateModified":"2025-06-30T09:25:50+00:00","description":"Find out how much Social Security disability veterans receive. Get help with SSDI benefits for 100% disabled veterans from trusted legal advocates.","breadcrumb":{"@id":"https:\/\/americandisabilitygroup.org\/social-security-disability-for-veterans\/#breadcrumb"},"inLanguage":"es","potentialAction":[{"@type":"ReadAction","target":["https:\/\/americandisabilitygroup.org\/social-security-disability-for-veterans\/"]}]},{"@type":"ImageObject","inLanguage":"es","@id":"https:\/\/americandisabilitygroup.org\/social-security-disability-for-veterans\/#primaryimage","url":"https:\/\/americandisabilitygroup.org\/wp-content\/uploads\/2025\/03\/U.S._Air_Force_service_mark.png","contentUrl":"https:\/\/americandisabilitygroup.org\/wp-content\/uploads\/2025\/03\/U.S._Air_Force_service_mark.png"},{"@type":"BreadcrumbList","@id":"https:\/\/americandisabilitygroup.org\/social-security-disability-for-veterans\/#breadcrumb","itemListElement":[{"@type":"ListItem","position":1,"name":"Home","item":"https:\/\/americandisabilitygroup.org\/"},{"@type":"ListItem","position":2,"name":"Social Security Disability For Veterans"}]},{"@type":"WebSite","@id":"https:\/\/americandisabilitygroup.org\/#website","url":"https:\/\/americandisabilitygroup.org\/","name":"American Disability Group","description":"","potentialAction":[{"@type":"SearchAction","target":{"@type":"EntryPoint","urlTemplate":"https:\/\/americandisabilitygroup.org\/?s={search_term_string}"},"query-input":{"@type":"PropertyValueSpecification","valueRequired":true,"valueName":"search_term_string"}}],"inLanguage":"es"}]}},"_links":{"self":[{"href":"https:\/\/americandisabilitygroup.org\/es\/wp-json\/wp\/v2\/pages\/326","targetHints":{"allow":["GET"]}}],"collection":[{"href":"https:\/\/americandisabilitygroup.org\/es\/wp-json\/wp\/v2\/pages"}],"about":[{"href":"https:\/\/americandisabilitygroup.org\/es\/wp-json\/wp\/v2\/types\/page"}],"author":[{"embeddable":true,"href":"https:\/\/americandisabilitygroup.org\/es\/wp-json\/wp\/v2\/users\/1"}],"replies":[{"embeddable":true,"href":"https:\/\/americandisabilitygroup.org\/es\/wp-json\/wp\/v2\/comments?post=326"}],"version-history":[{"count":37,"href":"https:\/\/americandisabilitygroup.org\/es\/wp-json\/wp\/v2\/pages\/326\/revisions"}],"predecessor-version":[{"id":885,"href":"https:\/\/americandisabilitygroup.org\/es\/wp-json\/wp\/v2\/pages\/326\/revisions\/885"}],"wp:attachment":[{"href":"https:\/\/americandisabilitygroup.org\/es\/wp-json\/wp\/v2\/media?parent=326"}],"curies":[{"name":"wp","href":"https:\/\/api.w.org\/{rel}","templated":true}]}}