{"id":339,"date":"2025-01-18T12:20:55","date_gmt":"2025-01-18T12:20:55","guid":{"rendered":"https:\/\/americandisabilitygroup.org\/?page_id=339"},"modified":"2025-06-30T09:27:09","modified_gmt":"2025-06-30T09:27:09","slug":"va-disability","status":"publish","type":"page","link":"https:\/\/americandisabilitygroup.org\/es\/va-disability\/","title":{"rendered":"Discapacidad de VA"},"content":{"rendered":"<div data-elementor-type=\"wp-page\" data-elementor-id=\"339\" class=\"elementor elementor-339\">\n\t\t\t\t<div class=\"wd-negative-gap elementor-element elementor-element-b83b112 wd-section-stretch e-flex e-con-boxed e-con e-parent\" data-id=\"b83b112\" data-element_type=\"container\" data-settings=\"{&quot;background_background&quot;:&quot;classic&quot;}\">\n\t\t\t\t\t<div class=\"e-con-inner\">\n\t\t<div class=\"elementor-element elementor-element-6c918f2 e-con-full e-flex e-con e-child\" data-id=\"6c918f2\" data-element_type=\"container\">\n\t\t\t\t<div class=\"elementor-element elementor-element-35fbf3c wd-width-100 elementor-widget elementor-widget-wd_title\" data-id=\"35fbf3c\" data-element_type=\"widget\" data-widget_type=\"wd_title.default\">\n\t\t\t\t<div class=\"elementor-widget-container\">\n\t\t\t\t\t\t\t<div class=\"title-wrapper wd-set-mb reset-last-child wd-title-color-default wd-title-style-default wd-title-size-default text-center\">\n\n\t\t\t\n\t\t\t<div class=\"liner-continer\">\n\t\t\t\t<h1 class=\"woodmart-title-container title wd-fontsize-l\">VA Disability Claim Denied? Expert Help to Appeal Your Case<\/h1> \n\t\t\t\t\t\t\t<\/div>\n\n\t\t\t\t\t<\/div>\n\t\t\t\t\t\t<\/div>\n\t\t\t\t<\/div>\n\t\t\t\t<\/div>\n\t\t\t\t\t<\/div>\n\t\t\t\t<\/div>\n\t\t<div class=\"wd-negative-gap elementor-element elementor-element-6d78d54 wd-section-stretch e-flex e-con-boxed e-con e-parent\" data-id=\"6d78d54\" data-element_type=\"container\" data-settings=\"{&quot;background_background&quot;:&quot;classic&quot;}\">\n\t\t\t\t\t<div class=\"e-con-inner\">\n\t\t\t\t<div class=\"elementor-element elementor-element-4df76cb wd-width-100 elementor-widget elementor-widget-wd_images_gallery\" data-id=\"4df76cb\" data-element_type=\"widget\" data-widget_type=\"wd_images_gallery.default\">\n\t\t\t\t<div class=\"elementor-widget-container\">\n\t\t\t\t\t\t\t<div class=\"wd-images-gallery\" style=\"--wd-align-items:center; --wd-justify-content:center;\">\n\t\t\t\t\t\t<div class=\"wd-grid-g\" style=\"--wd-col-lg:6;--wd-col-md:3;--wd-col-sm:3;--wd-gap-lg:30px;--wd-gap-sm:10px;\" >\n\t\t\t\t\t\t\t\t\t\t\t\t\t\t\t\t\t\t<div class=\"wd-gallery-item wd-col\">\n\t\t\t\t\t\t\n\t\t\t\t\t\t<img decoding=\"async\" src=\"https:\/\/americandisabilitygroup.org\/wp-content\/uploads\/2025\/03\/U.S._Air_Force_service_mark.png\" alt=\"U.S._Air_Force_service_mark\">\n\t\t\t\t\t\t\t\t\t\t\t<\/div>\n\t\t\t\t\t\t\t\t\t\t\t\t\t\t\t<div class=\"wd-gallery-item wd-col\">\n\t\t\t\t\t\t\n\t\t\t\t\t\t<img decoding=\"async\" src=\"https:\/\/americandisabilitygroup.org\/wp-content\/uploads\/2025\/03\/b8-1.png\" alt=\"b8\">\n\t\t\t\t\t\t\t\t\t\t\t<\/div>\n\t\t\t\t\t\t\t\t\t\t\t\t\t\t\t<div class=\"wd-gallery-item wd-col\">\n\t\t\t\t\t\t\n\t\t\t\t\t\t<img decoding=\"async\" src=\"https:\/\/americandisabilitygroup.org\/wp-content\/uploads\/2025\/03\/b9.png\" alt=\"b9\">\n\t\t\t\t\t\t\t\t\t\t\t<\/div>\n\t\t\t\t\t\t\t\t\t\t\t\t\t\t\t<div class=\"wd-gallery-item wd-col\">\n\t\t\t\t\t\t\n\t\t\t\t\t\t<img decoding=\"async\" src=\"https:\/\/americandisabilitygroup.org\/wp-content\/uploads\/2025\/03\/b10.png\" alt=\"b10\">\n\t\t\t\t\t\t\t\t\t\t\t<\/div>\n\t\t\t\t\t\t\t\t\t\t\t\t\t\t\t<div class=\"wd-gallery-item wd-col\">\n\t\t\t\t\t\t\n\t\t\t\t\t\t<img decoding=\"async\" src=\"https:\/\/americandisabilitygroup.org\/wp-content\/uploads\/2025\/03\/b11.png\" alt=\"b11\">\n\t\t\t\t\t\t\t\t\t\t\t<\/div>\n\t\t\t\t\t\t\t\t\t\t\t\t\t\t\t<div class=\"wd-gallery-item wd-col\">\n\t\t\t\t\t\t\n\t\t\t\t\t\t<img decoding=\"async\" src=\"https:\/\/americandisabilitygroup.org\/wp-content\/uploads\/2025\/03\/b12.png\" alt=\"b12\">\n\t\t\t\t\t\t\t\t\t\t\t<\/div>\n\t\t\t\t\t\t\t\t\t\t\t\t\t<\/div>\n\t\t\t\t\t<\/div>\n\t\t\t\t\t\t<\/div>\n\t\t\t\t<\/div>\n\t\t\t\t\t<\/div>\n\t\t\t\t<\/div>\n\t\t<div class=\"wd-negative-gap elementor-element elementor-element-9189af0 e-flex e-con-boxed e-con e-parent\" data-id=\"9189af0\" data-element_type=\"container\">\n\t\t\t\t\t<div class=\"e-con-inner\">\n\t\t<div class=\"elementor-element elementor-element-a871f43 e-con-full e-flex e-con e-child\" data-id=\"a871f43\" data-element_type=\"container\">\n\t\t\t\t<div class=\"elementor-element elementor-element-dead57c elementor-widget elementor-widget-wd_text_block\" data-id=\"dead57c\" data-element_type=\"widget\" data-widget_type=\"wd_text_block.default\">\n\t\t\t\t<div class=\"elementor-widget-container\">\n\t\t\t\t\t\t\t<div class=\"wd-text-block reset-last-child text-left\">\n\t\t\t\n\t\t\t<p><span data-sheets-root=\"1\">For veterans who have served our country and are now facing disabilities, it is imperative to understand the benefits to which you are entitled. If your disability claim was denied, American Disability Group is here to help. We not only specialize in Social Security Disability for veterans but also have expertise in VA disability claims.<\/span><\/p><p>Nuestro equipo dedicado comprende las complejidades y los requisitos espec\u00edficos de los beneficios por discapacidad de VA. Sabemos que lidiar con lesiones o enfermedades relacionadas con el servicio puede ser abrumador y el proceso de obtenci\u00f3n de beneficios no deber\u00eda aumentar su carga. Es por eso que estamos aqu\u00ed para brindar apoyo y representaci\u00f3n integral.<\/p>\n\t\t\t\t\t<\/div>\n\t\t\t\t\t\t<\/div>\n\t\t\t\t<\/div>\n\t\t\t\t<\/div>\n\t\t<div class=\"elementor-element elementor-element-4aa04e7 e-con-full practice-side e-flex e-con e-child\" data-id=\"4aa04e7\" data-element_type=\"container\">\n\t\t\t\t<div class=\"elementor-element elementor-element-9280f40 elementor-widget elementor-widget-html\" data-id=\"9280f40\" data-element_type=\"widget\" data-widget_type=\"html.default\">\n\t\t\t\t<div class=\"elementor-widget-container\">\n\t\t\t\t\t\t\t\t<link rel=\"stylesheet\" id=\"elementor-post-291-css\" href=\"https:\/\/americandisabilitygroup.org\/wp-content\/uploads\/elementor\/css\/post-291.css?ver=1776825935\" type=\"text\/css\" media=\"all\">\n\t\t\t\t\t<div data-elementor-type=\"wp-post\" data-elementor-id=\"291\" class=\"elementor elementor-291\">\n\t\t\t\t<div class=\"wd-negative-gap elementor-element elementor-element-ca6a475 e-flex e-con-boxed e-con e-parent\" data-id=\"ca6a475\" data-element_type=\"container\" data-settings=\"{&quot;background_background&quot;:&quot;classic&quot;}\">\n\t\t\t\t\t<div class=\"e-con-inner\">\n\t\t\t\t<div class=\"elementor-element elementor-element-585de7e wd-width-100 elementor-widget elementor-widget-wd_title\" data-id=\"585de7e\" data-element_type=\"widget\" data-widget_type=\"wd_title.default\">\n\t\t\t\t<div class=\"elementor-widget-container\">\n\t\t\t\t\t\t\t<div class=\"title-wrapper wd-set-mb reset-last-child wd-title-color-default wd-title-style-default wd-title-size-default text-center\">\n\n\t\t\t\n\t\t\t<div class=\"liner-continer\">\n\t\t\t\t<h4 class=\"woodmart-title-container title wd-fontsize-l\">Solicite su consulta gratuita<\/h4> \n\t\t\t\t\t\t\t<\/div>\n\n\t\t\t\t\t<\/div>\n\t\t\t\t\t\t<\/div>\n\t\t\t\t<\/div>\n\t\t\t\t<div class=\"elementor-element elementor-element-1d79051 elementor-widget elementor-widget-wd_contact_form_7\" data-id=\"1d79051\" data-element_type=\"widget\" data-widget_type=\"wd_contact_form_7.default\">\n\t\t\t\t<div class=\"elementor-widget-container\">\n\t\t\t\t\t\n<div class=\"wpcf7 no-js\" id=\"wpcf7-f7-o1\" lang=\"en-US\" dir=\"ltr\" data-wpcf7-id=\"7\">\n<div class=\"screen-reader-response\"><p role=\"status\" aria-live=\"polite\" aria-atomic=\"true\"><\/p> <ul><\/ul><\/div>\n<form action=\"\/es\/wp-json\/wp\/v2\/pages\/339#wpcf7-f7-o1\" method=\"post\" class=\"wpcf7-form init\" aria-label=\"Contact form\" novalidate=\"novalidate\" data-status=\"init\" data-trp-original-action=\"\/es\/wp-json\/wp\/v2\/pages\/339#wpcf7-f7-o1\">\n<div style=\"display: none;\">\n<input type=\"hidden\" name=\"_wpcf7\" value=\"7\" \/>\n<input type=\"hidden\" name=\"_wpcf7_version\" value=\"6.0.6\" \/>\n<input type=\"hidden\" name=\"_wpcf7_locale\" value=\"en_US\" \/>\n<input type=\"hidden\" name=\"_wpcf7_unit_tag\" value=\"wpcf7-f7-o1\" \/>\n<input type=\"hidden\" name=\"_wpcf7_container_post\" value=\"0\" \/>\n<input type=\"hidden\" name=\"_wpcf7_posted_data_hash\" value=\"\" \/>\n<\/div>\n<div class=\"row\">\n\t<div class=\"col-md-6\">\n\t\t<p><span class=\"wpcf7-form-control-wrap\" data-name=\"text-704\"><input size=\"40\" maxlength=\"400\" class=\"wpcf7-form-control wpcf7-text\" aria-invalid=\"false\" placeholder=\"Nombre\" value=\"\" type=\"text\" name=\"text-704\" \/><\/span>\n\t\t<\/p>\n\t<\/div>\n\t<div class=\"col-md-6\">\n\t\t<p><span class=\"wpcf7-form-control-wrap\" data-name=\"text-994\"><input size=\"40\" maxlength=\"400\" class=\"wpcf7-form-control wpcf7-text wpcf7-validates-as-required\" aria-required=\"true\" aria-invalid=\"false\" placeholder=\"Tel\u00e9fono\" value=\"\" type=\"text\" name=\"text-994\" \/><\/span>\n\t\t<\/p>\n\t<\/div>\n<\/div>\n<div class=\"row\">\n\t<div class=\"col-md-6\">\n\t\t<p><span class=\"wpcf7-form-control-wrap\" data-name=\"email-203\"><input size=\"40\" maxlength=\"400\" class=\"wpcf7-form-control wpcf7-email wpcf7-text wpcf7-validates-as-email\" aria-invalid=\"false\" placeholder=\"Correo electr\u00f3nico\" value=\"\" type=\"email\" name=\"email-203\" \/><\/span>\n\t\t<\/p>\n\t<\/div>\n\t<div class=\"col-md-6\">\n\t\t<p><span class=\"wpcf7-form-control-wrap\" data-name=\"text-994\"><input size=\"40\" maxlength=\"400\" class=\"wpcf7-form-control wpcf7-text\" aria-invalid=\"false\" placeholder=\"DIRECCI\u00d3N\" value=\"\" type=\"text\" name=\"text-994\" \/><\/span>\n\t\t<\/p>\n\t<\/div>\n<\/div>\n<div class=\"row\">\n\t<div class=\"col-md-12\">\n\t\t<p><span class=\"wpcf7-form-control-wrap\" data-name=\"textarea-701\"><textarea cols=\"40\" rows=\"10\" maxlength=\"2000\" class=\"wpcf7-form-control wpcf7-textarea\" aria-invalid=\"false\" placeholder=\"Cu\u00e9ntanos tu caso\" name=\"textarea-701\"><\/textarea><\/span>\n\t\t<\/p>\n\t<\/div>\n<\/div>\n<div class=\"row sb-btn\">\n\t<div class=\"col-md-12\">\n\t\t<p><input class=\"wpcf7-form-control wpcf7-submit has-spinner\" type=\"submit\" value=\"Entregar\" \/>\n\t\t<\/p>\n\t<\/div>\n<\/div><div class=\"wpcf7-response-output\" aria-hidden=\"true\"><\/div>\n<input type=\"hidden\" name=\"trp-form-language\" value=\"es\"\/><\/form>\n<\/div>\n\t\t\t\t<\/div>\n\t\t\t\t<\/div>\n\t\t\t\t\t<\/div>\n\t\t\t\t<\/div>\n\t\t\t\t<\/div>\n\t\t\t\t\t\t<\/div>\n\t\t\t\t<\/div>\n\t\t\t\t<\/div>\n\t\t\t\t\t<\/div>\n\t\t\t\t<\/div>\n\t\t\t\t<\/div>","protected":false},"excerpt":{"rendered":"<p>VA Disability Claim Denied? Expert Help to Appeal Your Case For veterans who have served our country and are now<\/p>","protected":false},"author":1,"featured_media":0,"parent":0,"menu_order":0,"comment_status":"closed","ping_status":"closed","template":"","meta":{"footnotes":""},"class_list":["post-339","page","type-page","status-publish","hentry"],"yoast_head":"<!-- This site is optimized with the Yoast SEO plugin v25.3 - https:\/\/yoast.com\/wordpress\/plugins\/seo\/ -->\n<title>VA Disability Claim Denied? Get Legal Help You Can Trust<\/title>\n<meta name=\"description\" content=\"Was your VA disability claim denied? Don\u2019t give up experienced representatives can help appeal Social Security or VA claim denials and fight for your benefits.\" \/>\n<meta name=\"robots\" content=\"index, follow, max-snippet:-1, max-image-preview:large, max-video-preview:-1\" \/>\n<link rel=\"canonical\" href=\"https:\/\/americandisabilitygroup.org\/es\/va-disability\/\" \/>\n<meta property=\"og:locale\" content=\"es_ES\" \/>\n<meta property=\"og:type\" content=\"article\" \/>\n<meta property=\"og:title\" content=\"VA Disability Claim Denied? Get Legal Help You Can Trust\" \/>\n<meta property=\"og:description\" content=\"Was your VA disability claim denied? Don\u2019t give up experienced representatives can help appeal Social Security or VA claim denials and fight for your benefits.\" \/>\n<meta property=\"og:url\" content=\"https:\/\/americandisabilitygroup.org\/es\/va-disability\/\" \/>\n<meta property=\"og:site_name\" content=\"American Disability Group\" \/>\n<meta property=\"article:modified_time\" content=\"2025-06-30T09:27:09+00:00\" \/>\n<meta property=\"og:image\" content=\"https:\/\/americandisabilitygroup.org\/wp-content\/uploads\/2025\/03\/U.S._Air_Force_service_mark.png\" \/>\n<meta name=\"twitter:card\" content=\"summary_large_image\" \/>\n<meta name=\"twitter:label1\" content=\"Tiempo de lectura\" \/>\n\t<meta name=\"twitter:data1\" content=\"2 minutos\" \/>\n<script type=\"application\/ld+json\" class=\"yoast-schema-graph\">{\"@context\":\"https:\/\/schema.org\",\"@graph\":[{\"@type\":\"WebPage\",\"@id\":\"https:\/\/americandisabilitygroup.org\/va-disability\/\",\"url\":\"https:\/\/americandisabilitygroup.org\/va-disability\/\",\"name\":\"VA Disability Claim Denied? Get Legal Help You Can Trust\",\"isPartOf\":{\"@id\":\"https:\/\/americandisabilitygroup.org\/#website\"},\"primaryImageOfPage\":{\"@id\":\"https:\/\/americandisabilitygroup.org\/va-disability\/#primaryimage\"},\"image\":{\"@id\":\"https:\/\/americandisabilitygroup.org\/va-disability\/#primaryimage\"},\"thumbnailUrl\":\"https:\/\/americandisabilitygroup.org\/wp-content\/uploads\/2025\/03\/U.S._Air_Force_service_mark.png\",\"datePublished\":\"2025-01-18T12:20:55+00:00\",\"dateModified\":\"2025-06-30T09:27:09+00:00\",\"description\":\"Was your VA disability claim denied? Don\u2019t give up experienced representatives can help appeal Social Security or VA claim denials and fight for your benefits.\",\"breadcrumb\":{\"@id\":\"https:\/\/americandisabilitygroup.org\/va-disability\/#breadcrumb\"},\"inLanguage\":\"es\",\"potentialAction\":[{\"@type\":\"ReadAction\",\"target\":[\"https:\/\/americandisabilitygroup.org\/va-disability\/\"]}]},{\"@type\":\"ImageObject\",\"inLanguage\":\"es\",\"@id\":\"https:\/\/americandisabilitygroup.org\/va-disability\/#primaryimage\",\"url\":\"https:\/\/americandisabilitygroup.org\/wp-content\/uploads\/2025\/03\/U.S._Air_Force_service_mark.png\",\"contentUrl\":\"https:\/\/americandisabilitygroup.org\/wp-content\/uploads\/2025\/03\/U.S._Air_Force_service_mark.png\"},{\"@type\":\"BreadcrumbList\",\"@id\":\"https:\/\/americandisabilitygroup.org\/va-disability\/#breadcrumb\",\"itemListElement\":[{\"@type\":\"ListItem\",\"position\":1,\"name\":\"Home\",\"item\":\"https:\/\/americandisabilitygroup.org\/\"},{\"@type\":\"ListItem\",\"position\":2,\"name\":\"VA Disability\"}]},{\"@type\":\"WebSite\",\"@id\":\"https:\/\/americandisabilitygroup.org\/#website\",\"url\":\"https:\/\/americandisabilitygroup.org\/\",\"name\":\"American Disability Group\",\"description\":\"\",\"potentialAction\":[{\"@type\":\"SearchAction\",\"target\":{\"@type\":\"EntryPoint\",\"urlTemplate\":\"https:\/\/americandisabilitygroup.org\/?s={search_term_string}\"},\"query-input\":{\"@type\":\"PropertyValueSpecification\",\"valueRequired\":true,\"valueName\":\"search_term_string\"}}],\"inLanguage\":\"es\"}]}<\/script>\n<!-- \/ Yoast SEO plugin. -->","yoast_head_json":{"title":"VA Disability Claim Denied? Get Legal Help You Can Trust","description":"Was your VA disability claim denied? Don\u2019t give up experienced representatives can help appeal Social Security or VA claim denials and fight for your benefits.","robots":{"index":"index","follow":"follow","max-snippet":"max-snippet:-1","max-image-preview":"max-image-preview:large","max-video-preview":"max-video-preview:-1"},"canonical":"https:\/\/americandisabilitygroup.org\/es\/va-disability\/","og_locale":"es_ES","og_type":"article","og_title":"VA Disability Claim Denied? Get Legal Help You Can Trust","og_description":"Was your VA disability claim denied? Don\u2019t give up experienced representatives can help appeal Social Security or VA claim denials and fight for your benefits.","og_url":"https:\/\/americandisabilitygroup.org\/es\/va-disability\/","og_site_name":"American Disability Group","article_modified_time":"2025-06-30T09:27:09+00:00","og_image":[{"url":"https:\/\/americandisabilitygroup.org\/wp-content\/uploads\/2025\/03\/U.S._Air_Force_service_mark.png","type":"","width":"","height":""}],"twitter_card":"summary_large_image","twitter_misc":{"Tiempo de lectura":"2 minutos"},"schema":{"@context":"https:\/\/schema.org","@graph":[{"@type":"WebPage","@id":"https:\/\/americandisabilitygroup.org\/va-disability\/","url":"https:\/\/americandisabilitygroup.org\/va-disability\/","name":"VA Disability Claim Denied? Get Legal Help You Can Trust","isPartOf":{"@id":"https:\/\/americandisabilitygroup.org\/#website"},"primaryImageOfPage":{"@id":"https:\/\/americandisabilitygroup.org\/va-disability\/#primaryimage"},"image":{"@id":"https:\/\/americandisabilitygroup.org\/va-disability\/#primaryimage"},"thumbnailUrl":"https:\/\/americandisabilitygroup.org\/wp-content\/uploads\/2025\/03\/U.S._Air_Force_service_mark.png","datePublished":"2025-01-18T12:20:55+00:00","dateModified":"2025-06-30T09:27:09+00:00","description":"Was your VA disability claim denied? Don\u2019t give up experienced representatives can help appeal Social Security or VA claim denials and fight for your benefits.","breadcrumb":{"@id":"https:\/\/americandisabilitygroup.org\/va-disability\/#breadcrumb"},"inLanguage":"es","potentialAction":[{"@type":"ReadAction","target":["https:\/\/americandisabilitygroup.org\/va-disability\/"]}]},{"@type":"ImageObject","inLanguage":"es","@id":"https:\/\/americandisabilitygroup.org\/va-disability\/#primaryimage","url":"https:\/\/americandisabilitygroup.org\/wp-content\/uploads\/2025\/03\/U.S._Air_Force_service_mark.png","contentUrl":"https:\/\/americandisabilitygroup.org\/wp-content\/uploads\/2025\/03\/U.S._Air_Force_service_mark.png"},{"@type":"BreadcrumbList","@id":"https:\/\/americandisabilitygroup.org\/va-disability\/#breadcrumb","itemListElement":[{"@type":"ListItem","position":1,"name":"Home","item":"https:\/\/americandisabilitygroup.org\/"},{"@type":"ListItem","position":2,"name":"VA Disability"}]},{"@type":"WebSite","@id":"https:\/\/americandisabilitygroup.org\/#website","url":"https:\/\/americandisabilitygroup.org\/","name":"American Disability Group","description":"","potentialAction":[{"@type":"SearchAction","target":{"@type":"EntryPoint","urlTemplate":"https:\/\/americandisabilitygroup.org\/?s={search_term_string}"},"query-input":{"@type":"PropertyValueSpecification","valueRequired":true,"valueName":"search_term_string"}}],"inLanguage":"es"}]}},"_links":{"self":[{"href":"https:\/\/americandisabilitygroup.org\/es\/wp-json\/wp\/v2\/pages\/339","targetHints":{"allow":["GET"]}}],"collection":[{"href":"https:\/\/americandisabilitygroup.org\/es\/wp-json\/wp\/v2\/pages"}],"about":[{"href":"https:\/\/americandisabilitygroup.org\/es\/wp-json\/wp\/v2\/types\/page"}],"author":[{"embeddable":true,"href":"https:\/\/americandisabilitygroup.org\/es\/wp-json\/wp\/v2\/users\/1"}],"replies":[{"embeddable":true,"href":"https:\/\/americandisabilitygroup.org\/es\/wp-json\/wp\/v2\/comments?post=339"}],"version-history":[{"count":34,"href":"https:\/\/americandisabilitygroup.org\/es\/wp-json\/wp\/v2\/pages\/339\/revisions"}],"predecessor-version":[{"id":888,"href":"https:\/\/americandisabilitygroup.org\/es\/wp-json\/wp\/v2\/pages\/339\/revisions\/888"}],"wp:attachment":[{"href":"https:\/\/americandisabilitygroup.org\/es\/wp-json\/wp\/v2\/media?parent=339"}],"curies":[{"name":"wp","href":"https:\/\/api.w.org\/{rel}","templated":true}]}}