{"id":535,"date":"2025-02-21T20:25:49","date_gmt":"2025-02-21T20:25:49","guid":{"rendered":"https:\/\/americandisabilitygroup.org\/?page_id=535"},"modified":"2025-03-05T15:59:57","modified_gmt":"2025-03-05T15:59:57","slug":"faqs","status":"publish","type":"page","link":"https:\/\/americandisabilitygroup.org\/es\/faqs\/","title":{"rendered":"FAQs"},"content":{"rendered":"<div data-elementor-type=\"wp-page\" data-elementor-id=\"535\" class=\"elementor elementor-535\">\n\t\t\t\t<div class=\"wd-negative-gap elementor-element elementor-element-4a1c909 wd-section-stretch e-flex e-con-boxed e-con e-parent\" data-id=\"4a1c909\" data-element_type=\"container\" data-settings=\"{&quot;background_background&quot;:&quot;classic&quot;}\">\n\t\t\t\t\t<div class=\"e-con-inner\">\n\t\t<div class=\"elementor-element elementor-element-6b540bb e-con-full e-flex e-con e-child\" data-id=\"6b540bb\" data-element_type=\"container\">\n\t\t\t\t<div class=\"elementor-element elementor-element-b68b532 wd-width-100 elementor-widget elementor-widget-wd_title\" data-id=\"b68b532\" data-element_type=\"widget\" data-widget_type=\"wd_title.default\">\n\t\t\t\t<div class=\"elementor-widget-container\">\n\t\t\t\t\t\t\t<div class=\"title-wrapper wd-set-mb reset-last-child wd-title-color-default wd-title-style-default wd-title-size-default text-center\">\n\n\t\t\t\n\t\t\t<div class=\"liner-continer\">\n\t\t\t\t<h1 class=\"woodmart-title-container title wd-fontsize-l\">FAQs<\/h1> \n\t\t\t\t\t\t\t<\/div>\n\n\t\t\t\t\t<\/div>\n\t\t\t\t\t\t<\/div>\n\t\t\t\t<\/div>\n\t\t\t\t<\/div>\n\t\t\t\t\t<\/div>\n\t\t\t\t<\/div>\n\t\t<div class=\"wd-negative-gap elementor-element elementor-element-29e1d09 e-flex e-con-boxed e-con e-parent\" data-id=\"29e1d09\" data-element_type=\"container\">\n\t\t\t\t\t<div class=\"e-con-inner\">\n\t\t<div class=\"elementor-element elementor-element-2101c1b e-con-full e-flex e-con e-child\" data-id=\"2101c1b\" data-element_type=\"container\">\n\t\t\t\t<div class=\"elementor-element elementor-element-83c9c8d wd-width-100 elementor-widget elementor-widget-wd_title\" data-id=\"83c9c8d\" data-element_type=\"widget\" data-widget_type=\"wd_title.default\">\n\t\t\t\t<div class=\"elementor-widget-container\">\n\t\t\t\t\t\t\t<div class=\"title-wrapper wd-set-mb reset-last-child wd-title-color-default wd-title-style-default wd-title-size-default text-center\">\n\n\t\t\t\n\t\t\t<div class=\"liner-continer\">\n\t\t\t\t<h3 class=\"woodmart-title-container title wd-fontsize-l\">Pregunta frecuente<\/h3> \n\t\t\t\t\t\t\t<\/div>\n\n\t\t\t\t\t<\/div>\n\t\t\t\t\t\t<\/div>\n\t\t\t\t<\/div>\n\t\t\t\t<div class=\"elementor-element elementor-element-7beb691 elementor-widget elementor-widget-wd_accordion\" data-id=\"7beb691\" data-element_type=\"widget\" data-widget_type=\"wd_accordion.default\">\n\t\t\t\t<div class=\"elementor-widget-container\">\n\t\t\t\t\t\n\t\t<div class=\"wd-accordion wd-style-default wd-border-off wd-titles-left wd-opener-pos-right wd-opener-style-arrow\" data-state=\"first\">\n\t\t\t\t\t\t\t\n\t\t\t\t<div class=\"wd-accordion-item\">\n\t\t\t\t\t<div class=\"wd-accordion-title wd-active\" data-accordion-index=\"0\">\n\t\t\t\t\t\t<div class=\"wd-accordion-title-text\">\n\t\t\t\t\t\t\t\t\t\t\t\t\t\t<span>\n\t\t\t\t\t\t\t\t\u00bfQu\u00e9 es la discapacidad?\t\t\t\t\t\t\t<\/span>\n\t\t\t\t\t\t<\/div>\n\t\t\t\t\t\t<span class=\"wd-accordion-opener\"><\/span>\n\t\t\t\t\t<\/div>\n\n\t\t\t\t\t<div class=\"wd-accordion-content wd-entry-content wd-active\" data-accordion-index=\"0\">\n\t\t\t\t\t\t\t\t\t\t\t\t\t\n\t\t\t\t\t\t\t<p>La ley define la discapacidad como la incapacidad de realizar cualquier actividad sustancial y lucrativa debido a cualquier impedimento f\u00edsico o mental m\u00e9dicamente determinable que se pueda esperar que tenga como resultado la muerte o que haya durado o se pueda esperar que dure por un per\u00edodo continuo de no menos de 12 meses.<\/p>\n\t\t\t\t\t\t\t\t\t\t\t\t\t\t\t\t\t\t<\/div>\n\t\t\t\t<\/div>\n\t\t\t\t\t\t\t\n\t\t\t\t<div class=\"wd-accordion-item\">\n\t\t\t\t\t<div class=\"wd-accordion-title\" data-accordion-index=\"1\">\n\t\t\t\t\t\t<div class=\"wd-accordion-title-text\">\n\t\t\t\t\t\t\t\t\t\t\t\t\t\t<span>\n\t\t\t\t\t\t\t\t\u00bfCU\u00c1NTO TIEMPO DEBO ESTAR SIN TRABAJO PARA TENER CALIFICACI\u00d3N PARA LA DISCAPACIDAD?\t\t\t\t\t\t\t<\/span>\n\t\t\t\t\t\t<\/div>\n\t\t\t\t\t\t<span class=\"wd-accordion-opener\"><\/span>\n\t\t\t\t\t<\/div>\n\n\t\t\t\t\t<div class=\"wd-accordion-content wd-entry-content\" data-accordion-index=\"1\">\n\t\t\t\t\t\t\t\t\t\t\t\t\t\n\t\t\t\t\t\t\t<p>Su condici\u00f3n discapacitante debe haber durado o se debe esperar que dure por un per\u00edodo continuo de al menos 12 meses o se espera que resulte en la muerte.<\/p>\n\t\t\t\t\t\t\t\t\t\t\t\t\t\t\t\t\t\t<\/div>\n\t\t\t\t<\/div>\n\t\t\t\t\t\t\t\n\t\t\t\t<div class=\"wd-accordion-item\">\n\t\t\t\t\t<div class=\"wd-accordion-title\" data-accordion-index=\"2\">\n\t\t\t\t\t\t<div class=\"wd-accordion-title-text\">\n\t\t\t\t\t\t\t\t\t\t\t\t\t\t<span>\n\t\t\t\t\t\t\t\t\u00bfQu\u00e9 tipos de beneficios por discapacidad del Seguro Social est\u00e1n disponibles?\t\t\t\t\t\t\t<\/span>\n\t\t\t\t\t\t<\/div>\n\t\t\t\t\t\t<span class=\"wd-accordion-opener\"><\/span>\n\t\t\t\t\t<\/div>\n\n\t\t\t\t\t<div class=\"wd-accordion-content wd-entry-content\" data-accordion-index=\"2\">\n\t\t\t\t\t\t\t\t\t\t\t\t\t\n\t\t\t\t\t\t\t<p>La Administraci\u00f3n del Seguro Social ejecuta dos programas que brindan beneficios basados \u200b\u200ben discapacidad o ceguera: Seguro de Incapacidad del Seguro Social (SSDI) e Ingresos del Seguro Social (SSI).<\/p>\n\t\t\t\t\t\t\t\t\t\t\t\t\t\t\t\t\t\t<\/div>\n\t\t\t\t<\/div>\n\t\t\t\t\t\t\t\n\t\t\t\t<div class=\"wd-accordion-item\">\n\t\t\t\t\t<div class=\"wd-accordion-title\" data-accordion-index=\"3\">\n\t\t\t\t\t\t<div class=\"wd-accordion-title-text\">\n\t\t\t\t\t\t\t\t\t\t\t\t\t\t<span>\n\t\t\t\t\t\t\t\t\u00bfC\u00f3mo califica para SSDI?\t\t\t\t\t\t\t<\/span>\n\t\t\t\t\t\t<\/div>\n\t\t\t\t\t\t<span class=\"wd-accordion-opener\"><\/span>\n\t\t\t\t\t<\/div>\n\n\t\t\t\t\t<div class=\"wd-accordion-content wd-entry-content\" data-accordion-index=\"3\">\n\t\t\t\t\t\t\t\t\t\t\t\t\t\n\t\t\t\t\t\t\t<ul><li>Para calificar, una persona debe estar completamente asegurada, lo que significa que debe haber trabajado el tiempo suficiente, recientemente y haber pagado impuestos del Seguro Social sobre esas ganancias.<\/li><li>Generalmente, se necesitan 40 cr\u00e9ditos laborales, 20 de los cuales se obtuvieron en los \u00faltimos 10 a\u00f1os, hasta el a\u00f1o en que comenz\u00f3 la discapacidad. Sin embargo, los trabajadores m\u00e1s j\u00f3venes podr\u00edan calificar con menos cr\u00e9ditos.<\/li><li>Entendemos que las regulaciones del Seguro Social pueden ser complejas. American Disability Group con gusto le brindar\u00e1 una consulta gratuita para ayudarle a decidir si el programa de discapacidad es el adecuado para usted.<\/li><\/ul>\n\t\t\t\t\t\t\t\t\t\t\t\t\t\t\t\t\t\t<\/div>\n\t\t\t\t<\/div>\n\t\t\t\t\t\t\t\n\t\t\t\t<div class=\"wd-accordion-item\">\n\t\t\t\t\t<div class=\"wd-accordion-title\" data-accordion-index=\"4\">\n\t\t\t\t\t\t<div class=\"wd-accordion-title-text\">\n\t\t\t\t\t\t\t\t\t\t\t\t\t\t<span>\n\t\t\t\t\t\t\t\t\u00bfCU\u00c1NTO DINERO PUEDO RECIBIR DEL SSDI?\t\t\t\t\t\t\t<\/span>\n\t\t\t\t\t\t<\/div>\n\t\t\t\t\t\t<span class=\"wd-accordion-opener\"><\/span>\n\t\t\t\t\t<\/div>\n\n\t\t\t\t\t<div class=\"wd-accordion-content wd-entry-content\" data-accordion-index=\"4\">\n\t\t\t\t\t\t\t\t\t\t\t\t\t\n\t\t\t\t\t\t\t<p>Podr\u00eda ser elegible para recibir hasta $4018 por mes, pero la cantidad a la que cada individuo es elegible es diferente.<\/p>\n\t\t\t\t\t\t\t\t\t\t\t\t\t\t\t\t\t\t<\/div>\n\t\t\t\t<\/div>\n\t\t\t\t\t\t\t\n\t\t\t\t<div class=\"wd-accordion-item\">\n\t\t\t\t\t<div class=\"wd-accordion-title\" data-accordion-index=\"5\">\n\t\t\t\t\t\t<div class=\"wd-accordion-title-text\">\n\t\t\t\t\t\t\t\t\t\t\t\t\t\t<span>\n\t\t\t\t\t\t\t\t\u00bfC\u00f3mo califico para SSI?\t\t\t\t\t\t\t<\/span>\n\t\t\t\t\t\t<\/div>\n\t\t\t\t\t\t<span class=\"wd-accordion-opener\"><\/span>\n\t\t\t\t\t<\/div>\n\n\t\t\t\t\t<div class=\"wd-accordion-content wd-entry-content\" data-accordion-index=\"5\">\n\t\t\t\t\t\t\t\t\t\t\t\t\t\n\t\t\t\t\t\t\t<p><span style=\"font-weight: 400;\">Los adultos y los ni\u00f1os pueden ser elegibles para SSI si tienen:\u00a0<\/span><\/p><ul><li style=\"list-style-type: none;\"><ul><li style=\"font-weight: 400;\" aria-level=\"2\"><span style=\"font-weight: 400;\">Pocos o ning\u00fan ingreso, y\u00a0<\/span><\/li><li style=\"font-weight: 400;\" aria-level=\"2\"><span style=\"font-weight: 400;\">Pocos o ning\u00fan recurso, y\u00a0<\/span><\/li><li style=\"font-weight: 400;\" aria-level=\"2\"><span style=\"font-weight: 400;\">Una discapacidad, ceguera o tener 65 a\u00f1os o m\u00e1s.<\/span><\/li><\/ul><\/li><\/ul>\n\t\t\t\t\t\t\t\t\t\t\t\t\t\t\t\t\t\t<\/div>\n\t\t\t\t<\/div>\n\t\t\t\t\t\t\t\n\t\t\t\t<div class=\"wd-accordion-item\">\n\t\t\t\t\t<div class=\"wd-accordion-title\" data-accordion-index=\"6\">\n\t\t\t\t\t\t<div class=\"wd-accordion-title-text\">\n\t\t\t\t\t\t\t\t\t\t\t\t\t\t<span>\n\t\t\t\t\t\t\t\t\u00bfPUEDO SOLICITAR TANTO EL SSDI COMO EL SSI?\t\t\t\t\t\t\t<\/span>\n\t\t\t\t\t\t<\/div>\n\t\t\t\t\t\t<span class=\"wd-accordion-opener\"><\/span>\n\t\t\t\t\t<\/div>\n\n\t\t\t\t\t<div class=\"wd-accordion-content wd-entry-content\" data-accordion-index=\"6\">\n\t\t\t\t\t\t\t\t\t\t\t\t\t\n\t\t\t\t\t\t\t<p>S\u00ed, si sus ganancias no son suficientes para que su pago de SSDI sea mayor a una cierta cantidad y tiene recursos limitados, tambi\u00e9n puede recibir SSI.<\/p>\n\t\t\t\t\t\t\t\t\t\t\t\t\t\t\t\t\t\t<\/div>\n\t\t\t\t<\/div>\n\t\t\t\t\t\t\t\n\t\t\t\t<div class=\"wd-accordion-item\">\n\t\t\t\t\t<div class=\"wd-accordion-title\" data-accordion-index=\"7\">\n\t\t\t\t\t\t<div class=\"wd-accordion-title-text\">\n\t\t\t\t\t\t\t\t\t\t\t\t\t\t<span>\n\t\t\t\t\t\t\t\t\u00bfC\u00d3MO EVAL\u00daA LA ADMINISTRACI\u00d3N DEL SEGURO SOCIAL LAS RECLAMACIONES POR DISCAPACIDAD?\t\t\t\t\t\t\t<\/span>\n\t\t\t\t\t\t<\/div>\n\t\t\t\t\t\t<span class=\"wd-accordion-opener\"><\/span>\n\t\t\t\t\t<\/div>\n\n\t\t\t\t\t<div class=\"wd-accordion-content wd-entry-content\" data-accordion-index=\"7\">\n\t\t\t\t\t\t\t\t\t\t\t\t\t\n\t\t\t\t\t\t\t<ul><li style=\"font-weight: 400;\" aria-level=\"1\"><span style=\"font-weight: 400;\">La Administraci\u00f3n de la Seguridad Social utiliza un proceso de evaluaci\u00f3n secuencial de cinco pasos.<\/span><\/li><li style=\"font-weight: 400;\" aria-level=\"1\"><span style=\"font-weight: 400;\">En el primer paso, la Seguridad Social considera su actividad laboral, si la tuviera. Si realiza una actividad lucrativa sustancial, descubrir\u00e1n que no est\u00e1 discapacitado.\u00a0<\/span><\/li><li style=\"font-weight: 400;\" aria-level=\"1\"><span style=\"font-weight: 400;\">At the second step, Social Security considers the medical severity of your impairment(s). If you do not have a severe medically determinable physical or mental impairment that meets the duration requirement in \u00a7\u2009404.1509, or a combination of impairments that is severe and meets the duration requirement, they will find that you are not disabled.\u00a0<\/span><\/li><li style=\"font-weight: 400;\" aria-level=\"1\"><span style=\"font-weight: 400;\">En el tercer paso, el Seguro Social tambi\u00e9n considera la gravedad m\u00e9dica de su(s) impedimento(s). Si tiene una discapacidad que cumple o iguala una de sus listas, encontrar\u00e1n que est\u00e1 discapacitado.\u00a0<\/span><\/li><li style=\"font-weight: 400;\" aria-level=\"1\"><span style=\"font-weight: 400;\">En el cuarto paso, el Seguro Social eval\u00faa su capacidad funcional residual y su trabajo anterior relevante. Si creen que usted todav\u00eda puede realizar su trabajo anterior relevante, descubrir\u00e1n que no est\u00e1 discapacitado.\u00a0<\/span><\/li><li style=\"font-weight: 400;\" aria-level=\"1\"><span style=\"font-weight: 400;\">En el quinto y \u00faltimo paso, consideran su evaluaci\u00f3n de su capacidad funcional residual y su edad, educaci\u00f3n y experiencia laboral para ver si puede adaptarse a otro trabajo. Si puede hacer un ajuste a otro trabajo, encontrar\u00e1n que no est\u00e1 discapacitado. Si no puede adaptarse a otro trabajo, encontrar\u00e1n que est\u00e1 discapacitado.\u00a0<\/span><\/li><\/ul>\n\t\t\t\t\t\t\t\t\t\t\t\t\t\t\t\t\t\t<\/div>\n\t\t\t\t<\/div>\n\t\t\t\t\t\t\t\n\t\t\t\t<div class=\"wd-accordion-item\">\n\t\t\t\t\t<div class=\"wd-accordion-title\" data-accordion-index=\"8\">\n\t\t\t\t\t\t<div class=\"wd-accordion-title-text\">\n\t\t\t\t\t\t\t\t\t\t\t\t\t\t<span>\n\t\t\t\t\t\t\t\t\u00bfCu\u00e1nto tiempo lleva obtener una decisi\u00f3n despu\u00e9s de solicitar beneficios por incapacidad?\t\t\t\t\t\t\t<\/span>\n\t\t\t\t\t\t<\/div>\n\t\t\t\t\t\t<span class=\"wd-accordion-opener\"><\/span>\n\t\t\t\t\t<\/div>\n\n\t\t\t\t\t<div class=\"wd-accordion-content wd-entry-content\" data-accordion-index=\"8\">\n\t\t\t\t\t\t\t\t\t\t\t\t\t\n\t\t\t\t\t\t\t<ul><li style=\"font-weight: 400;\" aria-level=\"1\"><span style=\"font-weight: 400;\">La Seguridad Social en su p\u00e1gina web del 5 de marzo de 2024 afirm\u00f3 que generalmente se necesitan de 6 a 8 meses para tomar una decisi\u00f3n inicial.<\/span><\/li><li style=\"font-weight: 400;\" aria-level=\"1\"><span style=\"font-weight: 400;\">El tiempo que lleva obtener una decisi\u00f3n sobre su solicitud de incapacidad puede variar dependiendo de:<\/span><ul><li style=\"font-weight: 400;\" aria-level=\"2\"><span style=\"font-weight: 400;\">La naturaleza de su discapacidad.<\/span><\/li><li style=\"font-weight: 400;\" aria-level=\"2\"><span style=\"font-weight: 400;\">Qu\u00e9 tan r\u00e1pido la Administraci\u00f3n del Seguro Social puede obtener su evidencia m\u00e9dica de su m\u00e9dico u otra fuente m\u00e9dica.<\/span><\/li><li style=\"font-weight: 400;\" aria-level=\"2\"><span style=\"font-weight: 400;\">Si es necesario enviarlo a un examen m\u00e9dico.<\/span><\/li><li style=\"font-weight: 400;\" aria-level=\"2\"><span style=\"font-weight: 400;\">Si la Administraci\u00f3n del Seguro Social revisa su solicitud con fines de calidad.<\/span><\/li><\/ul><\/li><\/ul>\n\t\t\t\t\t\t\t\t\t\t\t\t\t\t\t\t\t\t<\/div>\n\t\t\t\t<\/div>\n\t\t\t\t\t\t\t\n\t\t\t\t<div class=\"wd-accordion-item\">\n\t\t\t\t\t<div class=\"wd-accordion-title\" data-accordion-index=\"9\">\n\t\t\t\t\t\t<div class=\"wd-accordion-title-text\">\n\t\t\t\t\t\t\t\t\t\t\t\t\t\t<span>\n\t\t\t\t\t\t\t\t\u00bfQu\u00e9 sucede si recibo beneficios por incapacidad del Seguro Social y llego a la plena edad de jubilaci\u00f3n?\t\t\t\t\t\t\t<\/span>\n\t\t\t\t\t\t<\/div>\n\t\t\t\t\t\t<span class=\"wd-accordion-opener\"><\/span>\n\t\t\t\t\t<\/div>\n\n\t\t\t\t\t<div class=\"wd-accordion-content wd-entry-content\" data-accordion-index=\"9\">\n\t\t\t\t\t\t\t\t\t\t\t\t\t\n\t\t\t\t\t\t\t<p>Los beneficios por incapacidad del Seguro Social cambian autom\u00e1ticamente a beneficios de jubilaci\u00f3n cuando los beneficiarios por incapacidad cumplen la plena edad de jubilaci\u00f3n. No puede recibir beneficios de jubilaci\u00f3n y de incapacidad en un mismo registro de ingresos al mismo tiempo.<\/p>\n\t\t\t\t\t\t\t\t\t\t\t\t\t\t\t\t\t\t<\/div>\n\t\t\t\t<\/div>\n\t\t\t\t\t\t\t\n\t\t\t\t<div class=\"wd-accordion-item\">\n\t\t\t\t\t<div class=\"wd-accordion-title\" data-accordion-index=\"10\">\n\t\t\t\t\t\t<div class=\"wd-accordion-title-text\">\n\t\t\t\t\t\t\t\t\t\t\t\t\t\t<span>\n\t\t\t\t\t\t\t\t\u00bfCu\u00e1les son los beneficios del Seguro Social para los guerreros heridos?\t\t\t\t\t\t\t<\/span>\n\t\t\t\t\t\t<\/div>\n\t\t\t\t\t\t<span class=\"wd-accordion-opener\"><\/span>\n\t\t\t\t\t<\/div>\n\n\t\t\t\t\t<div class=\"wd-accordion-content wd-entry-content\" data-accordion-index=\"10\">\n\t\t\t\t\t\t\t\t\t\t\t\t\t\n\t\t\t\t\t\t\t<ul><li>El Seguro Social paga beneficios por discapacidad a miembros militares o veteranos a trav\u00e9s de SSDI y SSI que est\u00e1n discapacitados seg\u00fan la definici\u00f3n del Seguro Social.<\/li><li>Si un miembro militar o veterano sufri\u00f3 una enfermedad, lesi\u00f3n o herida mientras estaba en servicio activo a partir del 1 de octubre de 2001, recibir\u00e1 un procesamiento acelerado de su reclamo por discapacidad, independientemente de c\u00f3mo o d\u00f3nde ocurri\u00f3 la discapacidad.<\/li><\/ul>\n\t\t\t\t\t\t\t\t\t\t\t\t\t\t\t\t\t\t<\/div>\n\t\t\t\t<\/div>\n\t\t\t\t\t\t\t\n\t\t\t\t<div class=\"wd-accordion-item\">\n\t\t\t\t\t<div class=\"wd-accordion-title\" data-accordion-index=\"11\">\n\t\t\t\t\t\t<div class=\"wd-accordion-title-text\">\n\t\t\t\t\t\t\t\t\t\t\t\t\t\t<span>\n\t\t\t\t\t\t\t\t\u00bfCuanto tengo que pagar?\t\t\t\t\t\t\t<\/span>\n\t\t\t\t\t\t<\/div>\n\t\t\t\t\t\t<span class=\"wd-accordion-opener\"><\/span>\n\t\t\t\t\t<\/div>\n\n\t\t\t\t\t<div class=\"wd-accordion-content wd-entry-content\" data-accordion-index=\"11\">\n\t\t\t\t\t\t\t\t\t\t\t\t\t\n\t\t\t\t\t\t\t<p>Su pago depende de que ganemos su caso. Si no gana, no paga. Para m\u00e1s informaci\u00f3n, llame a nuestra oficina.<\/p>\n\t\t\t\t\t\t\t\t\t\t\t\t\t\t\t\t\t\t<\/div>\n\t\t\t\t<\/div>\n\t\t\t\t\t<\/div>\n\t\t\t\t\t\t<\/div>\n\t\t\t\t<\/div>\n\t\t\t\t<\/div>\n\t\t\t\t\t<\/div>\n\t\t\t\t<\/div>\n\t\t\t\t<\/div>","protected":false},"excerpt":{"rendered":"<p>FAQs Frequently Asked Question What is disability? The law defines disability as the inability to do any substantial gainful activity<\/p>","protected":false},"author":1,"featured_media":0,"parent":0,"menu_order":0,"comment_status":"closed","ping_status":"closed","template":"","meta":{"footnotes":""},"class_list":["post-535","page","type-page","status-publish","hentry"],"yoast_head":"<!-- This site is optimized with the Yoast SEO plugin v25.3 - https:\/\/yoast.com\/wordpress\/plugins\/seo\/ -->\n<title>FAQs - American Disability Group<\/title>\n<meta name=\"robots\" content=\"index, follow, max-snippet:-1, max-image-preview:large, max-video-preview:-1\" \/>\n<link rel=\"canonical\" href=\"https:\/\/americandisabilitygroup.org\/es\/faqs\/\" \/>\n<meta property=\"og:locale\" content=\"es_ES\" \/>\n<meta property=\"og:type\" content=\"article\" \/>\n<meta property=\"og:title\" content=\"FAQs - American Disability Group\" \/>\n<meta property=\"og:description\" content=\"FAQs Frequently Asked Question What is disability? The law defines disability as the inability to do any substantial gainful activity\" \/>\n<meta property=\"og:url\" content=\"https:\/\/americandisabilitygroup.org\/es\/faqs\/\" \/>\n<meta property=\"og:site_name\" content=\"American Disability Group\" \/>\n<meta property=\"article:modified_time\" content=\"2025-03-05T15:59:57+00:00\" \/>\n<meta name=\"twitter:card\" content=\"summary_large_image\" \/>\n<meta name=\"twitter:label1\" content=\"Tiempo de lectura\" \/>\n\t<meta name=\"twitter:data1\" content=\"4 minutos\" \/>\n<script type=\"application\/ld+json\" class=\"yoast-schema-graph\">{\"@context\":\"https:\/\/schema.org\",\"@graph\":[{\"@type\":\"WebPage\",\"@id\":\"https:\/\/americandisabilitygroup.org\/faqs\/\",\"url\":\"https:\/\/americandisabilitygroup.org\/faqs\/\",\"name\":\"FAQs - American Disability Group\",\"isPartOf\":{\"@id\":\"https:\/\/americandisabilitygroup.org\/#website\"},\"datePublished\":\"2025-02-21T20:25:49+00:00\",\"dateModified\":\"2025-03-05T15:59:57+00:00\",\"breadcrumb\":{\"@id\":\"https:\/\/americandisabilitygroup.org\/faqs\/#breadcrumb\"},\"inLanguage\":\"es\",\"potentialAction\":[{\"@type\":\"ReadAction\",\"target\":[\"https:\/\/americandisabilitygroup.org\/faqs\/\"]}]},{\"@type\":\"BreadcrumbList\",\"@id\":\"https:\/\/americandisabilitygroup.org\/faqs\/#breadcrumb\",\"itemListElement\":[{\"@type\":\"ListItem\",\"position\":1,\"name\":\"Home\",\"item\":\"https:\/\/americandisabilitygroup.org\/\"},{\"@type\":\"ListItem\",\"position\":2,\"name\":\"FAQs\"}]},{\"@type\":\"WebSite\",\"@id\":\"https:\/\/americandisabilitygroup.org\/#website\",\"url\":\"https:\/\/americandisabilitygroup.org\/\",\"name\":\"American Disability Group\",\"description\":\"\",\"potentialAction\":[{\"@type\":\"SearchAction\",\"target\":{\"@type\":\"EntryPoint\",\"urlTemplate\":\"https:\/\/americandisabilitygroup.org\/?s={search_term_string}\"},\"query-input\":{\"@type\":\"PropertyValueSpecification\",\"valueRequired\":true,\"valueName\":\"search_term_string\"}}],\"inLanguage\":\"es\"}]}<\/script>\n<!-- \/ Yoast SEO plugin. -->","yoast_head_json":{"title":"FAQs - American Disability Group","robots":{"index":"index","follow":"follow","max-snippet":"max-snippet:-1","max-image-preview":"max-image-preview:large","max-video-preview":"max-video-preview:-1"},"canonical":"https:\/\/americandisabilitygroup.org\/es\/faqs\/","og_locale":"es_ES","og_type":"article","og_title":"FAQs - American Disability Group","og_description":"FAQs Frequently Asked Question What is disability? The law defines disability as the inability to do any substantial gainful activity","og_url":"https:\/\/americandisabilitygroup.org\/es\/faqs\/","og_site_name":"American Disability Group","article_modified_time":"2025-03-05T15:59:57+00:00","twitter_card":"summary_large_image","twitter_misc":{"Tiempo de lectura":"4 minutos"},"schema":{"@context":"https:\/\/schema.org","@graph":[{"@type":"WebPage","@id":"https:\/\/americandisabilitygroup.org\/faqs\/","url":"https:\/\/americandisabilitygroup.org\/faqs\/","name":"FAQs - American Disability Group","isPartOf":{"@id":"https:\/\/americandisabilitygroup.org\/#website"},"datePublished":"2025-02-21T20:25:49+00:00","dateModified":"2025-03-05T15:59:57+00:00","breadcrumb":{"@id":"https:\/\/americandisabilitygroup.org\/faqs\/#breadcrumb"},"inLanguage":"es","potentialAction":[{"@type":"ReadAction","target":["https:\/\/americandisabilitygroup.org\/faqs\/"]}]},{"@type":"BreadcrumbList","@id":"https:\/\/americandisabilitygroup.org\/faqs\/#breadcrumb","itemListElement":[{"@type":"ListItem","position":1,"name":"Home","item":"https:\/\/americandisabilitygroup.org\/"},{"@type":"ListItem","position":2,"name":"FAQs"}]},{"@type":"WebSite","@id":"https:\/\/americandisabilitygroup.org\/#website","url":"https:\/\/americandisabilitygroup.org\/","name":"American Disability Group","description":"","potentialAction":[{"@type":"SearchAction","target":{"@type":"EntryPoint","urlTemplate":"https:\/\/americandisabilitygroup.org\/?s={search_term_string}"},"query-input":{"@type":"PropertyValueSpecification","valueRequired":true,"valueName":"search_term_string"}}],"inLanguage":"es"}]}},"_links":{"self":[{"href":"https:\/\/americandisabilitygroup.org\/es\/wp-json\/wp\/v2\/pages\/535","targetHints":{"allow":["GET"]}}],"collection":[{"href":"https:\/\/americandisabilitygroup.org\/es\/wp-json\/wp\/v2\/pages"}],"about":[{"href":"https:\/\/americandisabilitygroup.org\/es\/wp-json\/wp\/v2\/types\/page"}],"author":[{"embeddable":true,"href":"https:\/\/americandisabilitygroup.org\/es\/wp-json\/wp\/v2\/users\/1"}],"replies":[{"embeddable":true,"href":"https:\/\/americandisabilitygroup.org\/es\/wp-json\/wp\/v2\/comments?post=535"}],"version-history":[{"count":40,"href":"https:\/\/americandisabilitygroup.org\/es\/wp-json\/wp\/v2\/pages\/535\/revisions"}],"predecessor-version":[{"id":691,"href":"https:\/\/americandisabilitygroup.org\/es\/wp-json\/wp\/v2\/pages\/535\/revisions\/691"}],"wp:attachment":[{"href":"https:\/\/americandisabilitygroup.org\/es\/wp-json\/wp\/v2\/media?parent=535"}],"curies":[{"name":"wp","href":"https:\/\/api.w.org\/{rel}","templated":true}]}}